{"id":2900,"date":"2015-04-09T20:26:39","date_gmt":"2015-04-09T18:26:39","guid":{"rendered":"http:\/\/erlangen-im-wandel.de\/?page_id=2900"},"modified":"2015-10-21T20:33:06","modified_gmt":"2015-10-21T18:33:06","slug":"was-wir-tun","status":"publish","type":"page","link":"http:\/\/erlangen-im-wandel.de\/?page_id=2900","title":{"rendered":"Was wir tun"},"content":{"rendered":"<ul>\n<li><strong>WandelBar<\/strong><br \/>\nJede WandelBar ist anders. Mal zeigen wir einen Film, dann wieder geht es um die Umsetzung konkreter Aktionen, oder aber wir machen einen lockeren Stammtisch ohne gro\u00dfes Programm. Immer freuen wir uns \u00fcber interessierte und engagierte Erlanger B\u00fcrgerInnen, die mitmachen wollen, Erlangen zu fair-wandeln! Die WandelBar findet regelm\u00e4\u00dfig am 4. Mittwoch im Monat um 19.30 Uhr im <a href=\"http:\/\/www-lesecafe-anstaendig-essen.de\">Lesecaf\u00e9<\/a> statt. Worum es beim n\u00e4chsten Mal geht, k\u00f6nnt ihr im <a href=\"\/calendar\">Kalender<\/a> erfahren. <\/li>\n<li><strong>B\u00fccherbar<\/strong><br \/>\nWir lesen gemeinsam aus B\u00fcchern, die sich mit dem Thema sozial-\u00f6kolischer Wandel besch\u00e4ftigen und diskutieren bestimmte Passagen daraus. Die Veranstaltungsreihe ist noch ganz neu und hat daher noch keinen festen Rhythmus. Welches Buch als n\u00e4chstes diskutiert wird, erfahrt ihr im <a href=\"\/calendar\">Kalender<\/a>. <\/li>\n<li><strong>Vernetzung<\/strong><br \/>\nWir wollen die Erlanger Initiativen n\u00e4her zusammen bringen. Immerhin verbinden uns gemeinsame Interessen und ein gemeinsames Ziel. Wir wollen uns besser gegenseitig kennen lernen, gemeinsame Aktionen machen, voneinander lernen und gemeinsam stark sein!\n<\/li>\n<li><strong>Gemeinsamer Kalender<\/strong><br \/>\nWir wollen alle Termine in der Region Erlangen sammeln. So k\u00f6nnen wir Termindopplungen vermeiden und Interessierte finden alle Termine an einer Stelle. <a href=\"mailto:info@erlangen-im-wandel.de\">Schreibt uns einfach an<\/a>, wenn ihr ebenfalls eure Termine eintragen wollt.\n<\/li>\n<li><strong>Stadtgarten in der Altstadtmarktpassage<\/strong><br \/>\nGemeinsam s\u00e4en, pflanzen, gie\u00dfen, ernten, &#8230; Mitten in der Erlanger Innenstadt starten wir das erste \u00f6ffentliche <a href=\"http:\/\/erlangen-im-wandel.de\/stadtgarten-in-der-altstadtmarktpassage\/\">Stadtgarten-Projekt in Erlangen<\/a>. Jeder darf mitmachen, jeder darf ernten!\n<\/li>\n<li><strong>Nachhaltigkeitstag<\/strong><br \/>\nSeit 2014 veranstalten wir den Erlanger <a href=\"http:\/\/erlangen-im-wandel.de\/nachhaltigkeitstag\">Nachhaltigkeitstag<\/a>, gemeinsam mit vielen weiteren Initiativen. Die Idee: Zeigen, was Erlangen in Punkto Nachhaltigkeit schon alles zu bieten hat und gemeinsam stark auftreten f\u00fcr ein nachhaltiges und zukunftsf\u00e4higes Erlangen.\n<\/li>\n<\/ul>\n","protected":false},"excerpt":{"rendered":"<p>WandelBar Jede WandelBar ist anders. Mal zeigen wir einen Film, dann wieder geht es um die Umsetzung konkreter Aktionen, oder aber wir machen einen lockeren Stammtisch ohne gro\u00dfes Programm. Immer freuen wir uns \u00fcber interessierte und engagierte Erlanger B\u00fcrgerInnen, die mitmachen wollen, Erlangen zu fair-wandeln! Die WandelBar findet regelm\u00e4\u00dfig am 4. Mittwoch im Monat um &hellip; <a href=\"http:\/\/erlangen-im-wandel.de\/?page_id=2900\" class=\"more-link\"><span class=\"screen-reader-text\">Was wir tun<\/span> weiterlesen<\/a><\/p>\n","protected":false},"author":1,"featured_media":259,"parent":0,"menu_order":0,"comment_status":"open","ping_status":"open","template":"","meta":[],"_links":{"self":[{"href":"http:\/\/erlangen-im-wandel.de\/index.php?rest_route=\/wp\/v2\/pages\/2900"}],"collection":[{"href":"http:\/\/erlangen-im-wandel.de\/index.php?rest_route=\/wp\/v2\/pages"}],"about":[{"href":"http:\/\/erlangen-im-wandel.de\/index.php?rest_route=\/wp\/v2\/types\/page"}],"author":[{"embeddable":true,"href":"http:\/\/erlangen-im-wandel.de\/index.php?rest_route=\/wp\/v2\/users\/1"}],"replies":[{"embeddable":true,"href":"http:\/\/erlangen-im-wandel.de\/index.php?rest_route=%2Fwp%2Fv2%2Fcomments&post=2900"}],"version-history":[{"count":8,"href":"http:\/\/erlangen-im-wandel.de\/index.php?rest_route=\/wp\/v2\/pages\/2900\/revisions"}],"predecessor-version":[{"id":5195,"href":"http:\/\/erlangen-im-wandel.de\/index.php?rest_route=\/wp\/v2\/pages\/2900\/revisions\/5195"}],"wp:featuredmedia":[{"embeddable":true,"href":"http:\/\/erlangen-im-wandel.de\/index.php?rest_route=\/wp\/v2\/media\/259"}],"wp:attachment":[{"href":"http:\/\/erlangen-im-wandel.de\/index.php?rest_route=%2Fwp%2Fv2%2Fmedia&parent=2900"}],"curies":[{"name":"wp","href":"https:\/\/api.w.org\/{rel}","templated":true}]}}